{"id":39,"date":"2019-10-12T01:58:05","date_gmt":"2019-10-12T01:58:05","guid":{"rendered":"http:\/\/cilap.com.ar\/wp\/?page_id=39"},"modified":"2019-10-27T00:39:31","modified_gmt":"2019-10-27T00:39:31","slug":"que-es-la-cirugia-bariatrica","status":"publish","type":"page","link":"http:\/\/cilap.com.ar\/wp\/cirugia-bariatrica-y-metabolica\/que-es-la-cirugia-bariatrica\/","title":{"rendered":"\u00bfQU\u00c9 ES LA CIRUG\u00cdA BARI\u00c1TRICA?"},"content":{"rendered":"\n<p>La cirug\u00eda bari\u00e1trica es una especialidad que ayuda a los pacientes a neutralizar la obesidad, recuperando as\u00ed la calidad de vida y salud. Los avances en los tipos de cirug\u00edas permiten que los pacientes puedan bajar de peso paulatinamente, comiendo menos y sin apetito. El desarrollo de las t\u00e9cnicas mini invasivas hacen que la cirug\u00eda pueda ser realizada a trav\u00e9s de peque\u00f1as incisiones con menor dolor y un gran confort en el postoperatorio.<\/p>\n\n\n\n<h1 class=\"wp-block-heading\">\u00bfEn qu\u00e9 consiste?<\/h1>\n\n\n\n<p>En general, las cirug\u00edas se basan en achicar el est\u00f3mago para disminuir la cantidad de lo que se puede ingerir, o bien en saltear parte del tracto digestivo para que el organismo absorba menor cantidad de calor\u00edas que lo habitual.<\/p>\n\n\n\n<h1 class=\"wp-block-heading\">Etapas del programa de cirug\u00eda bari\u00e1trica de CI.LAP Obesidad<\/h1>\n\n\n\n<p><strong>Evaluaci\u00f3n: es el primer contacto con el equipo quir\u00fargico, se explica al paciente los riesgos de padecer obesidad, al mismo tiempo se le da una&nbsp;explicaci\u00f3n acerca de las caracter\u00edsticas de la cirug\u00eda, de sus riesgos y sus beneficios<\/strong>. Un equipo interdisciplinario estudia y diagnostica al paciente&nbsp;en&nbsp;los aspectos cl\u00ednicos, nutricionales y de salud mental.<\/p>\n\n\n\n<ul class=\"wp-block-list\"><li><strong>Preparaci\u00f3n para la cirug\u00eda:<\/strong>\u00a0comienza con un plan nutricional de descenso de peso intensivo para llegar adecuadamente a la intervenci\u00f3n. El paciente debe asumir el compromiso de adhesi\u00f3n al plan y de cambiar su estilo de vida.\u00a0<\/li><\/ul>\n\n\n\n<ul class=\"wp-block-list\"><li><strong>Cirug\u00eda<\/strong>:\u00a0el procedimiento se realiza por v\u00eda laparosc\u00f3pica (es decir, mediante peque\u00f1as incisiones con la asistencia de video), lo cual reduce la posibilidad de riesgos y los tiempos de internaci\u00f3n.<\/li><\/ul>\n\n\n\n<ul class=\"wp-block-list\"><li><strong>Despu\u00e9s de la cirug\u00eda:\u00a0<\/strong>En\u00a0general, los m\u00e1ximos descensos de peso se consiguen aproximadamente a los 18 meses de la intervenci\u00f3n. Por tratarse de una enfermedad cr\u00f3nica el paciente debe continuar con los controles m\u00e9dicos, quir\u00fargicos, nutricionales y psicol\u00f3gicos con el firme convencimiento de que es necesario mantener una alimentaci\u00f3n equilibrada y realizar actividad f\u00edsica para disfrutar de una vida plena y saludable.<\/li><\/ul>\n\n\n\n<h1 class=\"wp-block-heading\">Ventajas de t\u00e9cnica mini invasiva<\/h1>\n\n\n\n<p>Las ventajas se relacionan con el tiempo de internaci\u00f3n breve y un mayor confort en el postoperatorio.<\/p>\n\n\n\n<h1 class=\"wp-block-heading\"><em>Sab\u00edas que\u2026<\/em><\/h1>\n\n\n\n<h4 class=\"wp-block-heading\"><em>Generalmente, los pacientes regresan a niveles normales de actividad dentro de las 4 semanas de realizada la operaci\u00f3n.<\/em><\/h4>\n\n\n\n<p><br><\/p>\n\n\n\n<p><br><br><\/p>\n","protected":false},"excerpt":{"rendered":"<p>La cirug\u00eda bari\u00e1trica es una especialidad que ayuda a los pacientes a neutralizar la obesidad, recuperando as\u00ed la calidad de vida y salud. Los avances en los tipos de cirug\u00edas permiten que los pacientes puedan bajar de peso paulatinamente, comiendo menos y sin apetito. El desarrollo de las t\u00e9cnicas mini invasivas hacen que la cirug\u00eda [&hellip;]<\/p>\n","protected":false},"author":1,"featured_media":0,"parent":17,"menu_order":0,"comment_status":"closed","ping_status":"closed","template":"","meta":{"_joinchat":[],"footnotes":""},"class_list":["post-39","page","type-page","status-publish","hentry","post"],"_links":{"self":[{"href":"http:\/\/cilap.com.ar\/wp\/wp-json\/wp\/v2\/pages\/39","targetHints":{"allow":["GET"]}}],"collection":[{"href":"http:\/\/cilap.com.ar\/wp\/wp-json\/wp\/v2\/pages"}],"about":[{"href":"http:\/\/cilap.com.ar\/wp\/wp-json\/wp\/v2\/types\/page"}],"author":[{"embeddable":true,"href":"http:\/\/cilap.com.ar\/wp\/wp-json\/wp\/v2\/users\/1"}],"replies":[{"embeddable":true,"href":"http:\/\/cilap.com.ar\/wp\/wp-json\/wp\/v2\/comments?post=39"}],"version-history":[{"count":6,"href":"http:\/\/cilap.com.ar\/wp\/wp-json\/wp\/v2\/pages\/39\/revisions"}],"predecessor-version":[{"id":441,"href":"http:\/\/cilap.com.ar\/wp\/wp-json\/wp\/v2\/pages\/39\/revisions\/441"}],"up":[{"embeddable":true,"href":"http:\/\/cilap.com.ar\/wp\/wp-json\/wp\/v2\/pages\/17"}],"wp:attachment":[{"href":"http:\/\/cilap.com.ar\/wp\/wp-json\/wp\/v2\/media?parent=39"}],"curies":[{"name":"wp","href":"https:\/\/api.w.org\/{rel}","templated":true}]}}